{"id":76896,"date":"2022-05-19T16:03:31","date_gmt":"2022-05-19T21:03:31","guid":{"rendered":"https:\/\/www.altagraciamelgar.com\/?page_id=76896"},"modified":"2022-05-24T13:53:26","modified_gmt":"2022-05-24T18:53:26","slug":"apartamento-tipo-3","status":"publish","type":"page","link":"https:\/\/www.altagraciamelgar.com\/?page_id=76896","title":{"rendered":"Apartamento tipo 3"},"content":{"rendered":"\t\t<div data-elementor-type=\"wp-page\" data-elementor-id=\"76896\" class=\"elementor elementor-76896\" data-elementor-post-type=\"page\">\n\t\t\t\t\t\t<section class=\"elementor-section elementor-top-section elementor-element elementor-element-dc6c60b elementor-section-boxed elementor-section-height-default elementor-section-height-default elementor-invisible\" data-id=\"dc6c60b\" data-element_type=\"section\" data-settings=\"{&quot;background_background&quot;:&quot;classic&quot;,&quot;animation&quot;:&quot;fadeIn&quot;}\">\n\t\t\t\t\t\t<div class=\"elementor-container elementor-column-gap-default\">\n\t\t\t\t\t<div class=\" elementor-column elementor-col-50 elementor-top-column elementor-element elementor-element-e73dff8 elementor-invisible\" data-fullscreen-column-settings=\"{&quot;fullscreen&quot;:&quot;&quot;}\" data-id=\"e73dff8\" data-element_type=\"column\" data-settings=\"{&quot;animation&quot;:&quot;fadeIn&quot;}\">\n\t\t\t<div class=\"elementor-widget-wrap elementor-element-populated\">\n\t\t\t\t\t\t<div class=\"elementor-element elementor-element-0198687 elementor-widget elementor-widget-image\" data-id=\"0198687\" data-element_type=\"widget\" data-widget_type=\"image.default\">\n\t\t\t\t<div class=\"elementor-widget-container\">\n\t\t\t<style>\/*! elementor - v3.19.0 - 07-02-2024 *\/\n.elementor-widget-image{text-align:center}.elementor-widget-image a{display:inline-block}.elementor-widget-image a img[src$=\".svg\"]{width:48px}.elementor-widget-image img{vertical-align:middle;display:inline-block}<\/style>\t\t\t\t\t\t\t\t\t\t<img fetchpriority=\"high\" decoding=\"async\" width=\"2084\" height=\"2084\" src=\"https:\/\/www.altagraciamelgar.com\/wp-content\/uploads\/2022\/04\/TIPO-5_Mesa-de-trabajo-1.png\" class=\"attachment-full size-full wp-image-76716\" alt=\"\" srcset=\"https:\/\/www.altagraciamelgar.com\/wp-content\/uploads\/2022\/04\/TIPO-5_Mesa-de-trabajo-1.png 2084w, https:\/\/www.altagraciamelgar.com\/wp-content\/uploads\/2022\/04\/TIPO-5_Mesa-de-trabajo-1-300x300.png 300w, https:\/\/www.altagraciamelgar.com\/wp-content\/uploads\/2022\/04\/TIPO-5_Mesa-de-trabajo-1-1024x1024.png 1024w, https:\/\/www.altagraciamelgar.com\/wp-content\/uploads\/2022\/04\/TIPO-5_Mesa-de-trabajo-1-150x150.png 150w, https:\/\/www.altagraciamelgar.com\/wp-content\/uploads\/2022\/04\/TIPO-5_Mesa-de-trabajo-1-768x768.png 768w, https:\/\/www.altagraciamelgar.com\/wp-content\/uploads\/2022\/04\/TIPO-5_Mesa-de-trabajo-1-1536x1536.png 1536w, https:\/\/www.altagraciamelgar.com\/wp-content\/uploads\/2022\/04\/TIPO-5_Mesa-de-trabajo-1-2048x2048.png 2048w, https:\/\/www.altagraciamelgar.com\/wp-content\/uploads\/2022\/04\/TIPO-5_Mesa-de-trabajo-1-200x200.png 200w, https:\/\/www.altagraciamelgar.com\/wp-content\/uploads\/2022\/04\/TIPO-5_Mesa-de-trabajo-1-1568x1568.png 1568w, https:\/\/www.altagraciamelgar.com\/wp-content\/uploads\/2022\/04\/TIPO-5_Mesa-de-trabajo-1-600x600.png 600w, https:\/\/www.altagraciamelgar.com\/wp-content\/uploads\/2022\/04\/TIPO-5_Mesa-de-trabajo-1-100x100.png 100w\" sizes=\"(max-width: 2084px) 100vw, 2084px\" \/>\t\t\t\t\t\t\t\t\t\t\t\t\t<\/div>\n\t\t\t\t<\/div>\n\t\t\t\t\t<\/div>\n\t\t<\/div>\n\t\t\t\t<div class=\" elementor-column elementor-col-50 elementor-top-column elementor-element elementor-element-314d25a elementor-invisible\" data-fullscreen-column-settings=\"{&quot;fullscreen&quot;:&quot;&quot;}\" data-id=\"314d25a\" data-element_type=\"column\" data-settings=\"{&quot;background_background&quot;:&quot;gradient&quot;,&quot;animation&quot;:&quot;fadeIn&quot;,&quot;animation_delay&quot;:200}\">\n\t\t\t<div class=\"elementor-widget-wrap elementor-element-populated\">\n\t\t\t\t\t\t<div class=\"elementor-element elementor-element-cc71b5f elementor-widget elementor-widget-litho-heading\" data-id=\"cc71b5f\" data-element_type=\"widget\" data-widget_type=\"litho-heading.default\">\n\t\t\t\t<div class=\"elementor-widget-container\">\n\t\t\t<span class=\"litho-heading elementor-size-medium\"><span class=\"litho-primary-title\">Terraza privada <\/span><\/span>\t\t<\/div>\n\t\t\t\t<\/div>\n\t\t\t\t<div class=\"elementor-element elementor-element-074d87f elementor-widget elementor-widget-litho-heading\" data-id=\"074d87f\" data-element_type=\"widget\" data-widget_type=\"litho-heading.default\">\n\t\t\t\t<div class=\"elementor-widget-container\">\n\t\t\t<h5 class=\"litho-heading elementor-size-default\"><span class=\"litho-primary-title\">\u00c1rea construida\n79.23m2 \n\u00c1rea privada 63.85m2\n\u00c1rea terraza 41.93m2 <\/span><\/h5>\t\t<\/div>\n\t\t\t\t<\/div>\n\t\t\t\t<div class=\"elementor-element elementor-element-925d0ab elementor-widget elementor-widget-button\" data-id=\"925d0ab\" data-element_type=\"widget\" data-widget_type=\"button.default\">\n\t\t\t\t<div class=\"elementor-widget-container\">\n\t\t\t\t\t<div class=\"elementor-button-wrapper\">\n\t\t\t<a class=\"elementor-button elementor-button-link elementor-size-xl\" href=\"https:\/\/www.altagraciamelgar.com\/?page_id=105\">\n\t\t\t\t\t\t<span class=\"elementor-button-content-wrapper\">\n\t\t\t\t\t\t<span class=\"elementor-button-text\">SEPARA EL TUYO AHORA MISMO ! <\/span>\n\t\t<\/span>\n\t\t\t\t\t<\/a>\n\t\t<\/div>\n\t\t\t\t<\/div>\n\t\t\t\t<\/div>\n\t\t\t\t\t<\/div>\n\t\t<\/div>\n\t\t\t\t\t<\/div>\n\t\t<\/section>\n\t\t\t\t<\/div>\n\t\t","protected":false},"excerpt":{"rendered":"<p>Terraza privada \u00c1rea construida 79.23m2 \u00c1rea privada 63.85m2 \u00c1rea terraza 41.93m2 SEPARA EL TUYO AHORA MISMO !<\/p>\n","protected":false},"author":1,"featured_media":0,"parent":0,"menu_order":0,"comment_status":"closed","ping_status":"closed","template":"","meta":{"_joinchat":[],"footnotes":""},"class_list":["post-76896","page","type-page","status-publish","hentry"],"_links":{"self":[{"href":"https:\/\/www.altagraciamelgar.com\/index.php?rest_route=\/wp\/v2\/pages\/76896","targetHints":{"allow":["GET"]}}],"collection":[{"href":"https:\/\/www.altagraciamelgar.com\/index.php?rest_route=\/wp\/v2\/pages"}],"about":[{"href":"https:\/\/www.altagraciamelgar.com\/index.php?rest_route=\/wp\/v2\/types\/page"}],"author":[{"embeddable":true,"href":"https:\/\/www.altagraciamelgar.com\/index.php?rest_route=\/wp\/v2\/users\/1"}],"replies":[{"embeddable":true,"href":"https:\/\/www.altagraciamelgar.com\/index.php?rest_route=%2Fwp%2Fv2%2Fcomments&post=76896"}],"version-history":[{"count":9,"href":"https:\/\/www.altagraciamelgar.com\/index.php?rest_route=\/wp\/v2\/pages\/76896\/revisions"}],"predecessor-version":[{"id":77043,"href":"https:\/\/www.altagraciamelgar.com\/index.php?rest_route=\/wp\/v2\/pages\/76896\/revisions\/77043"}],"wp:attachment":[{"href":"https:\/\/www.altagraciamelgar.com\/index.php?rest_route=%2Fwp%2Fv2%2Fmedia&parent=76896"}],"curies":[{"name":"wp","href":"https:\/\/api.w.org\/{rel}","templated":true}]}}